{"id":9,"date":"2018-03-23T16:51:46","date_gmt":"2018-03-23T16:51:46","guid":{"rendered":"https:\/\/sven-decker.de\/?page_id=9"},"modified":"2023-01-19T21:13:59","modified_gmt":"2023-01-19T20:13:59","slug":"bio","status":"publish","type":"page","link":"https:\/\/sven-decker.de\/?page_id=9","title":{"rendered":"Bio"},"content":{"rendered":"<p><img loading=\"lazy\" decoding=\"async\" class=\"alignnone size-medium wp-image-99\" src=\"https:\/\/sven-decker.de\/wp-content\/uploads\/2018\/03\/Sven-Ringelshirt-Marion-300x201.jpg\" alt=\"\" width=\"300\" height=\"201\" srcset=\"https:\/\/sven-decker.de\/wp-content\/uploads\/2018\/03\/Sven-Ringelshirt-Marion-300x201.jpg 300w, https:\/\/sven-decker.de\/wp-content\/uploads\/2018\/03\/Sven-Ringelshirt-Marion.jpg 320w\" sizes=\"auto, (max-width: 300px) 100vw, 300px\" \/><\/p>\n<p>&#8211; studierte von 2001 bis 2005 Jazz-Saxofon an der Folkwang Universit\u00e4t Essen<\/p>\n<p>&#8211; lebt und arbeitet seit Februar 2021 in Freiburg<\/p>\n<p>&#8211; 2002-2004: Zusammenarbeit mit Gunter Hampel: New Next Generation!<\/p>\n<p>&#8211; Juni 2005: Preistr\u00e4ger des F\u00f6rderpreises jazzwerkruhr 2005 mit dem Jazzavantgarde-Trio ` Ohne 4 gespielt drei `<\/p>\n<p>&#8211; Herbst 2005: Gr\u00fcndung der Gro\u00dfformation U.F.O. unidentified flying orchestra, die 13 Musiker aus dem Ruhrgebiet vereint.<\/p>\n<p>-2005: Gr\u00fcndung des Quartetts \u201cFeinkost Decker\u201d (Katrin Scherer, Stefan Scheib, Jochen Kr\u00e4mer\/ Christoph Hillmann)<\/p>\n<p>-2007: Zusammen mit Katrin Scherer wird das eigene Label GREEN DEER MUSIC ins Leben gerufen<\/p>\n<p>-2007: Einladung nach Serbien\/ Novi Sad zum Interzone Festival mit \u201cOhne 4 gespielt drei\u201d<\/p>\n<p>-2008: Preistr\u00e4ger des F\u00f6rderpreises jazzwerkruhr 2008 mit U.F.O. unidentified flying orchestra<\/p>\n<p>-2013: Konzerte mit THE BLISS auf dem Moers-Festival und mit Ohne 4 gespielt drei im Finale des &#8222;Neuer deutscher Jazzpreis&#8220; in Mannheim.<\/p>\n<p>-2014: Gr\u00fcndung des Trios Sven Decker\u00b4s TRANSPARENCY mit Matthias Akeo Nowak und Etienne Nillesen<\/p>\n<p>-2015: neues Duo mit der in Bregenz geborenen und in K\u00f6ln lebenden S\u00e4ngerin Filippa Gojo<\/p>\n<p>-2018: neues Quartett Sven Decker\u00b4s JULI Quartett mit Heidi Bayer, Conrad Noll und Jo Beyer<\/p>\n<p>Zusammenarbeit mit u.a.: Katrin Scherer, Heidi Bayer, Filippa Gojo, Conrad Noll, Jo Beyer, Nils Wogram, Dieter Glawischnig, Dominik Mahnig, Kalle Moberg, Robert Landfermann, Oli Steidle, Wollie Kaiser, Christoph Hillmann, Andr\u00e9 Nendza, Nils Tegen, Andreas Wahl, Felix Elsner, Hartmut Kracht, Stefan Scheib, Jochen Kr\u00e4mer, Bernd Oezsevim, Gunter Hampel, Oliver Maas, Roman Babik, Thomas Bracht, Matthias Goebel, Stephan Meinberg, Celine Rudolph, Adam Pieronczyk, Tobias Hoffmann, Johannes Schmitz, John- Dennis Renken, Matthias Akeo Nowak, Etienne Nillesen, Peter Herborn, Christian Thom\u00e9, CCJO- K\u00f6ln&#8230;<\/p>\n<p>Konzerte u.a.: Moers-Festival 2013, Finale &#8222;Neuer deutscher Jazzpreis 2013,<br \/>\nWINTERJAZZ K\u00f6ln, Jazzrally D\u00fcsseldorf, WDR3 jazz.cologne-Festival, November Music (Essen), Jazzwerk Greiz, internat. Interzone-Festival Novi Sad, Sommermusik Saarbr\u00fccken&#8230;<\/p>\n<p><strong>&#8211; CD-Produktionen (Auszug):<\/strong><\/p>\n<p>&#8211; Little Bigband: Das erste Band (zerozero)<br \/>\n&#8211; Little Bigband: a silly kind of walk (zerozero)<br \/>\n&#8211; Christof Thewes\u00b4Little Bigband: Greyhound (JazzHausMusik)<br \/>\n&#8211; Andr\u00e9 Nendza\u00b4s A.tronic &#8222;Spectacles&#8220;_ 2008 (jazzsick)<br \/>\n&#8211; Ohne 4 gespielt drei: debut_ 2005 (JazzHausMusik)<br \/>\n&#8211; Feinkost Decker_ 2007 (GREEN DEER MUSIC\/ GDM01)<br \/>\n&#8211; U.F.O. unidentified flying orchestra_ 2008 (GREEN DEER MUSIC\/ GDM02)<br \/>\n&#8211; Ohne 4 gespielt drei &#8222;A40&#8243;_ 2009 (GREEN DEER MUSIC\/ GDM03)<br \/>\n&#8211; Jan Klare\u00b4s the Dorf_ 2008 (LEO- Records)<br \/>\n&#8211; Katrin Scherer\u00b4s THE BLISS_ 2010 (GREEN DEER MUSIC\/GDM04)<br \/>\n&#8211; Ohne 4 gespielt drei &#8222;Time Trial&#8220;_ 2012 (GREEN DEER MUSIC\/GDM05)<br \/>\n&#8211; Feinkost Decker &#8222;Second Crack&#8220;_ 2013 (GREEN DEER MUSIC\/GDM06)<br \/>\n&#8211; Sven Decker\u00b4s TRANSPARENCY &#8222;Sepia&#8220;_ 2014 (GREEN DEER MUSIC\/GDM07)<br \/>\n&#8211; Thomas Bracht Trio feat. Nils Wogram &amp; Sven Decker (2015)<br \/>\n&#8211; Duo mit Filippa Gojo &#8222;daheim&#8220;_ 2016 (GREEN DEER MUSIC\/GDM09)<br \/>\n&#8211; JO_ 2017 (Unit Records)<br \/>\n&#8211; Sven Decker\u00b4s JULI Quartett &#8222;Lost in Poll&#8220; (GREEN DEER MUSIC\/ GDM 11)<br \/>\n&#8211; Thomas Bracht Band feat. Nils Wogram &amp; Sven Decker (Unit Records\/2018)<br \/>\n&#8211; JO &#8222;PARTY&#8220; (Berthold Records\/2019)<br \/>\n&#8211; In Klausur &#8222;die gr\u00fcne Ecke&#8220; (GREEN DEER MUSIC\/ GDM 13)<br \/>\n&#8211; Heidi Bayer KORSH (Tangible Records)<\/p>\n<p><span style=\"color: #000000; font-family: Times, Georgia, 'Times New Roman', serif; font-size: medium;\"><strong>Projekte als Sideman:<\/strong><\/span><\/p>\n<p>\/\/<strong>In Klausur<\/strong><br \/>\nKatrin Scherer &#8211; Alt -&amp; Baritonsaxophon, Komposition<strong><br \/>\n<\/strong>Sven Decker &#8211; Tenorsaxophon, Klarinette, Bassklarinette<br \/>\nDominik Mahnig &#8211; Schlagzeug<strong><br \/>\n<\/strong><\/p>\n<p><span style=\"color: #000000;\">\/\/<strong>Katrin Scherer\u00b4s &#8222;THE BLISS&#8220;<\/strong><\/span><br \/>\n<span style=\"color: #000000;\">Katrin Scherer &#8211; Sax., Fl., Komposition<\/span><br \/>\n<span style=\"color: #000000;\">John-Dennis Renken &#8211; Trompete<\/span><br \/>\n<span style=\"color: #000000;\">Sven Decker &#8211; Sax., Klar., Bassklar.<\/span><br \/>\n<span style=\"color: #000000;\">Andreas Wahl &#8211; Gitarre<\/span><br \/>\n<span style=\"color: #000000;\">Sebastian R\u00e4ther &#8211; Bass<\/span><br \/>\n<span style=\"color: #000000;\">Christian Thom\u00e9 &#8211; Schlagzeug<\/span><\/p>\n<p><span style=\"color: #000000;\">\/\/<strong>JO<\/strong><\/span><br \/>\n<span style=\"color: #000000;\">Jo Beyer &#8211; Schlagzeug, Komposition<\/span><br \/>\n<span style=\"color: #000000;\">Andreas Wahl &#8211; Gitarre<\/span><br \/>\n<span style=\"color: #000000;\">Felix Elsner &#8211; Klavier<\/span><br \/>\n<span style=\"color: #000000;\">Sven Decker &#8211; Tenorsaxophon<\/span><\/p>\n<p><strong>\/\/Heidi Bayer KORSH<\/strong><br \/>\nHeidi Bayer &#8211; Trompete, Fl\u00fcgelhorn, Komposition<br \/>\nKalle Moberg &#8211; Akkordeon<br \/>\nRobert Landfermann &#8211; Kontrabass<br \/>\nOli Steidle &#8211; Schlagzeug<br \/>\nSven Decker &#8211; Tenorsaxophon, Bassklarinette<\/p>\n<p><span style=\"color: #000000;\">\/\/<strong>Christoph Hillmann\u00b4s KALLIMOTIO<\/strong><\/span><br \/>\n<span style=\"color: #000000;\">Christoph Hillmann &#8211; Schlagzeug, UDU, Kalimba, Rahmentrommel, Dholak, Komposition<\/span><br \/>\n<span style=\"color: #000000;\">Matthias Goebel &#8211; Vibraphon<\/span><br \/>\n<span style=\"color: #000000;\">Matthias Akeo Nowak &#8211; Bass<\/span><br \/>\n<span style=\"color: #000000;\">Sven Decker &#8211; Tenor- &amp; Sopransaxophon, Klarinette, Bassklarinette<\/span><\/p>\n<p><span style=\"color: #000000;\">\/\/<strong>Thomas Bracht Band feat. Nils Wogram &amp; Sven Decker<\/strong><\/span><br \/>\n<span style=\"color: #000000;\">Thomas Bracht- Keys, Comp.<\/span><br \/>\n<span style=\"color: #000000;\">Konrad Matheus- Drums<\/span><br \/>\n<span style=\"color: #000000;\">Tobias Fritzen- Bass<\/span><br \/>\n<span style=\"color: #000000;\">Fred Noll- Percussion, Trp.<\/span><br \/>\n<span style=\"color: #000000;\">Nils Wogram- Trombone<\/span><br \/>\n<span style=\"color: #000000;\">Sven Decker- Tenorsaxophon, Bassclar.<\/span><\/p>\n<p><span style=\"color: #003300; font-family: Times, Georgia, 'Times New Roman', serif; font-size: medium;\"><\/span><\/p>\n","protected":false},"excerpt":{"rendered":"<p>&#8211; studierte von 2001 bis 2005 Jazz-Saxofon an der Folkwang Universit\u00e4t Essen &#8211; lebt und arbeitet seit Februar 2021 in Freiburg &#8211; 2002-2004: Zusammenarbeit mit Gunter Hampel: New Next Generation! &#8211; Juni 2005: Preistr\u00e4ger des F\u00f6rderpreises jazzwerkruhr 2005 mit dem Jazzavantgarde-Trio ` Ohne 4 gespielt drei ` &#8211; Herbst 2005: Gr\u00fcndung der Gro\u00dfformation U.F.O. unidentified<\/p>\n<div><a class=\"btn-filled btn\" href=\"https:\/\/sven-decker.de\/?page_id=9\" title=\"Bio\">Weiterlesen<\/a><\/div>\n","protected":false},"author":1,"featured_media":0,"parent":0,"menu_order":0,"comment_status":"closed","ping_status":"closed","template":"","meta":{"footnotes":""},"class_list":["post-9","page","type-page","status-publish","hentry"],"_links":{"self":[{"href":"https:\/\/sven-decker.de\/index.php?rest_route=\/wp\/v2\/pages\/9","targetHints":{"allow":["GET"]}}],"collection":[{"href":"https:\/\/sven-decker.de\/index.php?rest_route=\/wp\/v2\/pages"}],"about":[{"href":"https:\/\/sven-decker.de\/index.php?rest_route=\/wp\/v2\/types\/page"}],"author":[{"embeddable":true,"href":"https:\/\/sven-decker.de\/index.php?rest_route=\/wp\/v2\/users\/1"}],"replies":[{"embeddable":true,"href":"https:\/\/sven-decker.de\/index.php?rest_route=%2Fwp%2Fv2%2Fcomments&post=9"}],"version-history":[{"count":4,"href":"https:\/\/sven-decker.de\/index.php?rest_route=\/wp\/v2\/pages\/9\/revisions"}],"predecessor-version":[{"id":626,"href":"https:\/\/sven-decker.de\/index.php?rest_route=\/wp\/v2\/pages\/9\/revisions\/626"}],"wp:attachment":[{"href":"https:\/\/sven-decker.de\/index.php?rest_route=%2Fwp%2Fv2%2Fmedia&parent=9"}],"curies":[{"name":"wp","href":"https:\/\/api.w.org\/{rel}","templated":true}]}}